{"id":285,"date":"2016-02-24T09:07:24","date_gmt":"2016-02-24T09:07:24","guid":{"rendered":"http:\/\/sktthemesdemo.net\/complete\/?page_id=285"},"modified":"2023-08-16T16:20:30","modified_gmt":"2023-08-16T19:20:30","slug":"about-us","status":"publish","type":"page","link":"https:\/\/marceloguimaraesneto.com.br\/?page_id=285","title":{"rendered":"Sobre mim"},"content":{"rendered":"<p>Com a energia vibrante dos meus 19 anos e um cora\u00e7\u00e3o enraizado na rica cultura baiana, \u00e9 com grande entusiasmo que me apresento como um cidad\u00e3o apaixonado pela Bahia e por pol\u00edtica. Tenho um carinho especial pela Ribeira e pela Pen\u00ednsula Itapagipana, onde frequento e encontro inspira\u00e7\u00e3o nas experi\u00eancias e nas lutas cotidianas. \u00c9 ali que testemunho a resili\u00eancia e a esperan\u00e7a que nutro por nossa cidade.<\/p>\n\r\n\t\t <div class=\"fusion-title\"><h3>Imagens<\/h3><div class=\"title-sep-container\"><div class=\"title-sep sep-double\"><\/div><\/div><\/div>\r\n\t\t\n<p>Quer passear em um lugar tranquilo e buc\u00f3lico, em frente a uma ba\u00eda de \u00e1guas calmas com dezenas de barcos ancorados? V\u00e1 \u00e0 Ribeira, na <a href=\"https:\/\/pt.wikipedia.org\/wiki\/Cidade_Baixa_(Salvador)\" target=\"_blank\" rel=\"noopener\">Cidade Baixa<\/a>, em Salvador.<\/p>\n<div class=\"sectionrow\"><div class=\"cols4\"> \r\n\t\t\t<div class=\"team-thumb\">\r\n\t\t\t<a href=\"https:\/\/marceloguimaraesneto.com.br\/?team=laura-doe-2\" title=\"Senhor do Bonfim\"><img loading=\"lazy\" decoding=\"async\" width=\"800\" height=\"1067\" src=\"https:\/\/marceloguimaraesneto.com.br\/wp-content\/uploads\/2017\/03\/teste.png\" class=\"attachment-full size-full wp-post-image\" alt=\"\" srcset=\"https:\/\/marceloguimaraesneto.com.br\/wp-content\/uploads\/2017\/03\/teste.png 800w, https:\/\/marceloguimaraesneto.com.br\/wp-content\/uploads\/2017\/03\/teste-225x300.png 225w, https:\/\/marceloguimaraesneto.com.br\/wp-content\/uploads\/2017\/03\/teste-768x1024.png 768w\" sizes=\"auto, (max-width: 800px) 100vw, 800px\" \/><\/a><\/div><div class=\"team-infobox\">\r\n\t\t\t\t<h3><a href=\"https:\/\/marceloguimaraesneto.com.br\/?team=laura-doe-2\">Senhor do Bonfim<\/a><\/h3><p>Que o Senhor do Bonfim cubra de gra\u00e7as e b\u00ean\u00e7\u00e3os<\/p><div class=\"social-icons\"><a href=\"http:\/\/www.instagram.com.br\/marceloguimaraesnetoba%20\" title=\"instagram\" target=\"_blank\"><i class=\"fa fa-instagram fa-1x\"><\/i><\/a><a href=\"http:\/\/www.twitter.com\/marceloguiman\" title=\"twitter\" target=\"_blank\"><i class=\"fa fa-twitter fa-1x\"><\/i><\/a><a href=\"http:\/\/www.facebook.com\/marceloguimaraesnetoba\" title=\"facebook\" target=\"_blank\"><i class=\"fa fa-facebook fa-1x\"><\/i><\/a><\/div><\/div><\/div><div class=\"cols4\"> \r\n\t\t\t<div class=\"team-thumb\">\r\n\t\t\t<a href=\"https:\/\/marceloguimaraesneto.com.br\/?team=mark\" title=\"Sorvete na Ribeira\"><img loading=\"lazy\" decoding=\"async\" width=\"800\" height=\"1067\" src=\"https:\/\/marceloguimaraesneto.com.br\/wp-content\/uploads\/2017\/03\/sorvetenaribeira.png\" class=\"attachment-full size-full wp-post-image\" alt=\"\" srcset=\"https:\/\/marceloguimaraesneto.com.br\/wp-content\/uploads\/2017\/03\/sorvetenaribeira.png 800w, https:\/\/marceloguimaraesneto.com.br\/wp-content\/uploads\/2017\/03\/sorvetenaribeira-225x300.png 225w, https:\/\/marceloguimaraesneto.com.br\/wp-content\/uploads\/2017\/03\/sorvetenaribeira-768x1024.png 768w\" sizes=\"auto, (max-width: 800px) 100vw, 800px\" \/><\/a><\/div><div class=\"team-infobox\">\r\n\t\t\t\t<h3><a href=\"https:\/\/marceloguimaraesneto.com.br\/?team=mark\">Sorvete na Ribeira<\/a><\/h3><p>Baianos, soteropolitanos ou n\u00e3o, turistas de outros estados, n\u00e3o d\u00e1<\/p><div class=\"social-icons\"><a href=\"#\" title=\"Facebook\" target=\"_blank\"><i class=\"fa fa-Facebook fa-1x\"><\/i><\/a><a href=\"#\" title=\"Instagram\" target=\"_blank\"><i class=\"fa fa-Instagram fa-1x\"><\/i><\/a><a href=\"#\" title=\"Twitter\" target=\"_blank\"><i class=\"fa fa-Twitter fa-1x\"><\/i><\/a><\/div><\/div><\/div><div class=\"cols4\"> \r\n\t\t\t<div class=\"team-thumb\">\r\n\t\t\t<a href=\"https:\/\/marceloguimaraesneto.com.br\/?team=john-doe\" title=\"Da Ribeira \u00e0 Ponta de Humait\u00e1\"><img loading=\"lazy\" decoding=\"async\" width=\"800\" height=\"1067\" src=\"https:\/\/marceloguimaraesneto.com.br\/wp-content\/uploads\/2017\/03\/humaita.png\" class=\"attachment-full size-full wp-post-image\" alt=\"\" srcset=\"https:\/\/marceloguimaraesneto.com.br\/wp-content\/uploads\/2017\/03\/humaita.png 800w, https:\/\/marceloguimaraesneto.com.br\/wp-content\/uploads\/2017\/03\/humaita-225x300.png 225w, https:\/\/marceloguimaraesneto.com.br\/wp-content\/uploads\/2017\/03\/humaita-768x1024.png 768w\" sizes=\"auto, (max-width: 800px) 100vw, 800px\" \/><\/a><\/div><div class=\"team-infobox\">\r\n\t\t\t\t<h3><a href=\"https:\/\/marceloguimaraesneto.com.br\/?team=john-doe\">Da Ribeira \u00e0 Ponta de Humait\u00e1<\/a><\/h3><p>Acordar e se deparar com um sol brilhante e tendo<\/p><div class=\"social-icons\"><a href=\"#\" title=\"facebook\" target=\"_blank\"><i class=\"fa fa-facebook fa-1x\"><\/i><\/a><a href=\"#\" title=\"twitter\" target=\"_blank\"><i class=\"fa fa-twitter fa-1x\"><\/i><\/a><a href=\"#\" title=\"instagram\" target=\"_blank\"><i class=\"fa fa-instagram fa-1x\"><\/i><\/a><\/div><\/div><\/div><div class=\"cols4\"> \r\n\t\t\t<div class=\"team-thumb\">\r\n\t\t\t<a href=\"https:\/\/marceloguimaraesneto.com.br\/?team=jaclin-2\" title=\"Igreja do Senhor do Bonfim\"><img loading=\"lazy\" decoding=\"async\" width=\"800\" height=\"1067\" src=\"https:\/\/marceloguimaraesneto.com.br\/wp-content\/uploads\/2017\/03\/igreja.png\" class=\"attachment-full size-full wp-post-image\" alt=\"\" srcset=\"https:\/\/marceloguimaraesneto.com.br\/wp-content\/uploads\/2017\/03\/igreja.png 800w, https:\/\/marceloguimaraesneto.com.br\/wp-content\/uploads\/2017\/03\/igreja-225x300.png 225w, https:\/\/marceloguimaraesneto.com.br\/wp-content\/uploads\/2017\/03\/igreja-768x1024.png 768w\" sizes=\"auto, (max-width: 800px) 100vw, 800px\" \/><\/a><\/div><div class=\"team-infobox\">\r\n\t\t\t\t<h3><a href=\"https:\/\/marceloguimaraesneto.com.br\/?team=jaclin-2\">Igreja do Senhor do Bonfim<\/a><\/h3><span>Manager<\/span><p>\u00c9 uma das mais tradicionais igrejas cat\u00f3licas da cidade, dedicada<\/p><div class=\"social-icons\"><a href=\"#\" title=\"facebook\" target=\"_blank\"><i class=\"fa fa-facebook fa-1x\"><\/i><\/a><a href=\"#\" title=\"twitter\" target=\"_blank\"><i class=\"fa fa-twitter fa-1x\"><\/i><\/a><a href=\"#\" title=\"instagram\" target=\"_blank\"><i class=\"fa fa-instagram fa-1x\"><\/i><\/a><\/div><\/div><\/div><\/div>\n\r\n\t\t\t<div class=\"promo4\" style=\"background-color:#f7f7f7; border-color:#545556;\">\r\n            \t<\/p>\n<p>Agora se al\u00e9m de admirar a paisagem voc\u00ea quiser saborear as especificidades do lugar \u2013 experimentando ou tentando imaginar o que acontece, ou j\u00e1 aconteceu, em cada cal\u00e7ada, esquina ou banco de pra\u00e7a \u2013 antes de ir conhe\u00e7a um pouquinho de sua hist\u00f3ria.<\/p>\n<p>Para come\u00e7ar, saiba que a sorveteria que lhe ajudar\u00e1 a enfrentar o calor baiano est\u00e1 ali desde 1931, mas no in\u00edcio os sorvetes eram fabricados e servidos dentro de uma pizzaria. O italiano Mario Tosto, dono do neg\u00f3cio, seguia a tradi\u00e7\u00e3o dos restaurantes de sua terra natal de presentear os clientes com sorvetes feitos na pr\u00f3pria casa. Atento aos costumes locais, ele come\u00e7ou a adaptar a receita italiana \u00e0s frutas tropicais que encontrava nas feiras e o resultado dessa mistura foi t\u00e3o bem aceito que tomou o lugar da pizza.<\/p>\n<p>.\r\n             <\/div>\t\r\n\t\t\n<!-- sktbuilder starter --><script type=\"text\/javascript\" src=\"https:\/\/marceloguimaraesneto.com.br\/wp-content\/plugins\/skt-builder\/sktbuilder\/sktbuilder-frontend-starter.js\"><\/script><script type=\"text\/javascript\" src=\"https:\/\/marceloguimaraesneto.com.br\/wp-content\/plugins\/skt-builder\/sktbuilder-wordpress-driver.js\"><\/script><script type=\"text\/javascript\"> var starter = new SktbuilderStarter({\"mode\": \"prod\", \"skip\":[\"jquery\",\"underscore\",\"backbone\"],\"sktbuilderUrl\": \"https:\/\/marceloguimaraesneto.com.br\/wp-content\/plugins\/skt-builder\/sktbuilder\/\", \"driver\": new SktbuilderWordpressDriver({\"ajaxUrl\": \"https:\/\/marceloguimaraesneto.com.br\/wp-admin\/admin-ajax.php\", \"iframeUrl\": \"https:\/\/marceloguimaraesneto.com.br\/?team=jaclin-2&sktbuilder=true\", \"pageId\": 2832,  \"nonce\": \"21546ce624\", \"pages\": [{\"title\":\"Services\",\"url\":\"https:\\\/\\\/marceloguimaraesneto.com.br\\\/wp-admin\\\/post.php?post=1749&action=sktbuilder\"},{\"title\":\"Contato\",\"url\":\"https:\\\/\\\/marceloguimaraesneto.com.br\\\/wp-admin\\\/post.php?post=1837&action=sktbuilder\"},{\"title\":\"Home\",\"url\":\"https:\\\/\\\/marceloguimaraesneto.com.br\\\/wp-admin\\\/post.php?post=3293&action=sktbuilder\"}], \"page\": \"Igreja do Senhor do Bonfim\" }) });<\/script><!-- end sktbuilder starter -->","protected":false},"excerpt":{"rendered":"<p>Com a energia vibrante dos meus 19 anos e um cora\u00e7\u00e3o enraizado na rica cultura baiana, \u00e9 com grande entusiasmo que me apresento como um cidad\u00e3o apaixonado pela Bahia e por pol\u00edtica. Tenho um carinho especial pela Ribeira e pela Pen\u00ednsula Itapagipana, onde frequento e encontro inspira\u00e7\u00e3o nas experi\u00eancias e nas lutas cotidianas. \u00c9 ali<br \/><a class=\"moretag\" href=\"https:\/\/marceloguimaraesneto.com.br\/?team=jaclin-2\">+ Read More<\/a><\/p>\n","protected":false},"author":1,"featured_media":2364,"parent":0,"menu_order":0,"comment_status":"closed","ping_status":"closed","template":"templates\/page-fullwidth_template.php","meta":{"_monsterinsights_skip_tracking":false,"_monsterinsights_sitenote_active":false,"_monsterinsights_sitenote_note":"","_monsterinsights_sitenote_category":0,"footnotes":""},"class_list":["post-285","page","type-page","status-publish","has-post-thumbnail","hentry"],"_links":{"self":[{"href":"https:\/\/marceloguimaraesneto.com.br\/index.php?rest_route=\/wp\/v2\/pages\/285","targetHints":{"allow":["GET"]}}],"collection":[{"href":"https:\/\/marceloguimaraesneto.com.br\/index.php?rest_route=\/wp\/v2\/pages"}],"about":[{"href":"https:\/\/marceloguimaraesneto.com.br\/index.php?rest_route=\/wp\/v2\/types\/page"}],"author":[{"embeddable":true,"href":"https:\/\/marceloguimaraesneto.com.br\/index.php?rest_route=\/wp\/v2\/users\/1"}],"replies":[{"embeddable":true,"href":"https:\/\/marceloguimaraesneto.com.br\/index.php?rest_route=%2Fwp%2Fv2%2Fcomments&post=285"}],"version-history":[{"count":2,"href":"https:\/\/marceloguimaraesneto.com.br\/index.php?rest_route=\/wp\/v2\/pages\/285\/revisions"}],"predecessor-version":[{"id":3316,"href":"https:\/\/marceloguimaraesneto.com.br\/index.php?rest_route=\/wp\/v2\/pages\/285\/revisions\/3316"}],"wp:featuredmedia":[{"embeddable":true,"href":"https:\/\/marceloguimaraesneto.com.br\/index.php?rest_route=\/"}],"wp:attachment":[{"href":"https:\/\/marceloguimaraesneto.com.br\/index.php?rest_route=%2Fwp%2Fv2%2Fmedia&parent=285"}],"curies":[{"name":"wp","href":"https:\/\/api.w.org\/{rel}","templated":true}]}}