{"id":3669,"date":"2025-02-23T21:43:39","date_gmt":"2025-02-24T00:43:39","guid":{"rendered":"https:\/\/marceloguimaraesneto.com.br\/?page_id=3669"},"modified":"2025-02-23T22:38:32","modified_gmt":"2025-02-24T01:38:32","slug":"form","status":"publish","type":"page","link":"https:\/\/marceloguimaraesneto.com.br\/?page_id=3669","title":{"rendered":"Form"},"content":{"rendered":"\n<figure class=\"wp-block-table\"><table class=\"has-fixed-layout\"><tbody><tr><td><div class=\"wpforms-container wpforms-container-full wpforms-render-modern\" id=\"wpforms-3344\"><form id=\"wpforms-form-3344\" class=\"wpforms-validate wpforms-form wpforms-ajax-form\" data-formid=\"3344\" method=\"post\" enctype=\"multipart\/form-data\" action=\"\/index.php?rest_route=%2Fwp%2Fv2%2Fpages%2F3669\" data-token=\"d935bcb60bf44b23664bb8a3d43b08a2\"><noscript class=\"wpforms-error-noscript\">Please enable JavaScript in your browser to complete this form.<\/noscript><div class=\"wpforms-hidden\" id=\"wpforms-error-noscript\">Please enable JavaScript in your browser to complete this form.<\/div><div class=\"wpforms-field-container\"><div id=\"wpforms-3344-field_1-container\" class=\"wpforms-field wpforms-field-name\" data-field-id=\"1\"><label class=\"wpforms-field-label\" for=\"wpforms-3344-field_1\">Voc\u00ea acredita que a cria\u00e7\u00e3o do dia Municipal do Futev\u00f4lei, pode contribuir e incentivar a pr\u00e1tica do esporte? <span class=\"wpforms-required-label\" aria-hidden=\"true\">*<\/span><\/label><input type=\"text\" id=\"wpforms-3344-field_1\" class=\"wpforms-field-large wpforms-field-required\" name=\"wpforms[fields][1]\" aria-errormessage=\"wpforms-3344-field_1-error\" required><\/div><div id=\"wpforms-3344-field_4-container\" class=\"wpforms-field wpforms-field-text\" data-field-id=\"4\"><label class=\"wpforms-field-label\" for=\"wpforms-3344-field_4\">Voc\u00ea pratica ou j\u00e1 praticou futev\u00f4lei? <span class=\"wpforms-required-label\" aria-hidden=\"true\">*<\/span><\/label><input type=\"text\" id=\"wpforms-3344-field_4\" class=\"wpforms-field-large wpforms-field-required\" name=\"wpforms[fields][4]\" aria-errormessage=\"wpforms-3344-field_4-error\" required><\/div><div id=\"wpforms-3344-field_5-container\" class=\"wpforms-field wpforms-field-text\" data-field-id=\"5\"><label class=\"wpforms-field-label\" for=\"wpforms-3344-field_5\">Qual o seu nome e sobrenome? <span class=\"wpforms-required-label\" aria-hidden=\"true\">*<\/span><\/label><input type=\"text\" id=\"wpforms-3344-field_5\" class=\"wpforms-field-large wpforms-field-required\" name=\"wpforms[fields][5]\" aria-errormessage=\"wpforms-3344-field_5-error\" required><\/div><div id=\"wpforms-3344-field_2-container\" class=\"wpforms-field wpforms-field-email\" data-field-id=\"2\"><label class=\"wpforms-field-label\" for=\"wpforms-3344-field_2\">Qual o seu e-mail? <span class=\"wpforms-required-label\" aria-hidden=\"true\">*<\/span><\/label><input type=\"email\" id=\"wpforms-3344-field_2\" class=\"wpforms-field-large wpforms-field-required\" name=\"wpforms[fields][2]\" spellcheck=\"false\" aria-errormessage=\"wpforms-3344-field_2-error\" required><\/div><div id=\"wpforms-3344-field_6-container\" class=\"wpforms-field wpforms-field-text\" data-field-id=\"6\"><label class=\"wpforms-field-label\" for=\"wpforms-3344-field_6\">Qual a sua idade? <span class=\"wpforms-required-label\" aria-hidden=\"true\">*<\/span><\/label><input type=\"text\" id=\"wpforms-3344-field_6\" class=\"wpforms-field-large wpforms-field-required\" name=\"wpforms[fields][6]\" aria-errormessage=\"wpforms-3344-field_6-error\" required><\/div><div id=\"wpforms-3344-field_12-container\" class=\"wpforms-field wpforms-field-text\" data-field-id=\"12\"><label class=\"wpforms-field-label\" for=\"wpforms-3344-field_12\">Voc\u00ea reside\u00a0em\u00a0Salvador\u00a0? <span class=\"wpforms-required-label\" aria-hidden=\"true\">*<\/span><\/label><input type=\"text\" id=\"wpforms-3344-field_12\" class=\"wpforms-field-large wpforms-field-required\" name=\"wpforms[fields][12]\" aria-errormessage=\"wpforms-3344-field_12-error\" required><\/div><div id=\"wpforms-3344-field_13-container\" class=\"wpforms-field wpforms-field-checkbox wpforms-list-inline\" data-field-id=\"13\"><fieldset><legend class=\"wpforms-field-label\">Coleta de dados <span class=\"wpforms-required-label\" aria-hidden=\"true\">*<\/span><\/legend><ul id=\"wpforms-3344-field_13\" class=\"wpforms-field-required\"><li class=\"choice-1 depth-1 wpforms-selected\"><input type=\"checkbox\" id=\"wpforms-3344-field_13_1\" name=\"wpforms[fields][13][]\" value=\"Concord\u00e2ncia com a coleta e tratamento de dados pessoais.\" aria-errormessage=\"wpforms-3344-field_13_1-error\" required  checked='checked'><label class=\"wpforms-field-label-inline\" for=\"wpforms-3344-field_13_1\">Concord\u00e2ncia com a coleta e tratamento de dados pessoais.<\/label><\/li><\/ul><\/fieldset><\/div><div id=\"wpforms-3344-field_14-container\" class=\"wpforms-field wpforms-field-checkbox wpforms-list-inline\" data-field-id=\"14\"><fieldset><legend class=\"wpforms-field-label\">Projeto <span class=\"wpforms-required-label\" aria-hidden=\"true\">*<\/span><\/legend><ul id=\"wpforms-3344-field_14\" class=\"wpforms-field-required\"><li class=\"choice-1 depth-1 wpforms-selected\"><input type=\"checkbox\" id=\"wpforms-3344-field_14_1\" name=\"wpforms[fields][14][]\" value=\"Li e concordo com o projeto.\" aria-errormessage=\"wpforms-3344-field_14_1-error\" aria-describedby=\"wpforms-3344-field_14-description\" required  checked='checked'><label class=\"wpforms-field-label-inline\" for=\"wpforms-3344-field_14_1\">Li e concordo com o projeto.<\/label><\/li><\/ul><div id=\"wpforms-3344-field_14-description\" class=\"wpforms-field-description\"><a href=\"#\" style=\"text-decoration:none;\"> Link do projeto<\/a><\/div><\/fieldset><\/div><\/div><!-- .wpforms-field-container --><div class=\"wpforms-submit-container\" ><input type=\"hidden\" name=\"wpforms[id]\" value=\"3344\"><input type=\"hidden\" name=\"wpforms[author]\" value=\"1\"><button type=\"submit\" name=\"wpforms[submit]\" id=\"wpforms-submit-3344\" class=\"wpforms-submit\" data-alt-text=\"Enviando\u2026\" data-submit-text=\"Enviar\" aria-live=\"assertive\" value=\"wpforms-submit\">Enviar<\/button><img loading=\"lazy\" decoding=\"async\" src=\"https:\/\/marceloguimaraesneto.com.br\/wp-content\/plugins\/wpforms-lite\/assets\/images\/submit-spin.svg\" class=\"wpforms-submit-spinner\" style=\"display: none;\" width=\"26\" height=\"26\" alt=\"Loading\"><\/div><\/form><\/div>  <!-- .wpforms-container --><\/td><\/tr><\/tbody><\/table><\/figure>\n<!-- sktbuilder starter --><script type=\"text\/javascript\" src=\"https:\/\/marceloguimaraesneto.com.br\/wp-content\/plugins\/skt-builder\/sktbuilder\/sktbuilder-frontend-starter.js\"><\/script><script type=\"text\/javascript\" src=\"https:\/\/marceloguimaraesneto.com.br\/wp-content\/plugins\/skt-builder\/sktbuilder-wordpress-driver.js\"><\/script><script type=\"text\/javascript\"> var starter = new SktbuilderStarter({\"mode\": \"prod\", \"skip\":[\"jquery\",\"underscore\",\"backbone\"],\"sktbuilderUrl\": \"https:\/\/marceloguimaraesneto.com.br\/wp-content\/plugins\/skt-builder\/sktbuilder\/\", \"driver\": new SktbuilderWordpressDriver({\"ajaxUrl\": \"https:\/\/marceloguimaraesneto.com.br\/wp-admin\/admin-ajax.php\", \"iframeUrl\": \"https:\/\/marceloguimaraesneto.com.br\/?page_id=3669&sktbuilder=true\", \"pageId\": 3669,  \"nonce\": \"21546ce624\", \"pages\": [{\"title\":\"Services\",\"url\":\"https:\\\/\\\/marceloguimaraesneto.com.br\\\/wp-admin\\\/post.php?post=1749&action=sktbuilder\"},{\"title\":\"Contato\",\"url\":\"https:\\\/\\\/marceloguimaraesneto.com.br\\\/wp-admin\\\/post.php?post=1837&action=sktbuilder\"},{\"title\":\"Home\",\"url\":\"https:\\\/\\\/marceloguimaraesneto.com.br\\\/wp-admin\\\/post.php?post=3293&action=sktbuilder\"}], \"page\": \"Form\" }) });<\/script><!-- end sktbuilder starter -->","protected":false},"excerpt":{"rendered":"","protected":false},"author":1,"featured_media":0,"parent":0,"menu_order":0,"comment_status":"closed","ping_status":"closed","template":"","meta":{"_monsterinsights_skip_tracking":false,"_monsterinsights_sitenote_active":false,"_monsterinsights_sitenote_note":"","_monsterinsights_sitenote_category":0,"footnotes":""},"class_list":["post-3669","page","type-page","status-publish","hentry"],"_links":{"self":[{"href":"https:\/\/marceloguimaraesneto.com.br\/index.php?rest_route=\/wp\/v2\/pages\/3669","targetHints":{"allow":["GET"]}}],"collection":[{"href":"https:\/\/marceloguimaraesneto.com.br\/index.php?rest_route=\/wp\/v2\/pages"}],"about":[{"href":"https:\/\/marceloguimaraesneto.com.br\/index.php?rest_route=\/wp\/v2\/types\/page"}],"author":[{"embeddable":true,"href":"https:\/\/marceloguimaraesneto.com.br\/index.php?rest_route=\/wp\/v2\/users\/1"}],"replies":[{"embeddable":true,"href":"https:\/\/marceloguimaraesneto.com.br\/index.php?rest_route=%2Fwp%2Fv2%2Fcomments&post=3669"}],"version-history":[{"count":2,"href":"https:\/\/marceloguimaraesneto.com.br\/index.php?rest_route=\/wp\/v2\/pages\/3669\/revisions"}],"predecessor-version":[{"id":3679,"href":"https:\/\/marceloguimaraesneto.com.br\/index.php?rest_route=\/wp\/v2\/pages\/3669\/revisions\/3679"}],"wp:attachment":[{"href":"https:\/\/marceloguimaraesneto.com.br\/index.php?rest_route=%2Fwp%2Fv2%2Fmedia&parent=3669"}],"curies":[{"name":"wp","href":"https:\/\/api.w.org\/{rel}","templated":true}]}}